{"id":20,"date":"2020-03-23T21:22:34","date_gmt":"2020-03-23T21:22:34","guid":{"rendered":"https:\/\/cinemonstruo.com\/blog\/home\/"},"modified":"2024-07-04T17:36:19","modified_gmt":"2024-07-04T22:36:19","slug":"home","status":"publish","type":"page","link":"https:\/\/www.cinemonstruo.com\/blog\/","title":{"rendered":"blog"},"content":{"rendered":"<ul class=\"wp-block-latest-posts__list is-grid columns-2 aligncenter wp-block-latest-posts\"><li><div class=\"wp-block-latest-posts__featured-image\"><img loading=\"lazy\" decoding=\"async\" width=\"580\" height=\"326\" src=\"https:\/\/www.cinemonstruo.com\/blog\/wp-content\/uploads\/2022\/05\/render-1024x576.png\" class=\"attachment-large size-large wp-post-image\" alt=\"\" style=\"\" srcset=\"https:\/\/www.cinemonstruo.com\/blog\/wp-content\/uploads\/2022\/05\/render-1024x576.png 1024w, https:\/\/www.cinemonstruo.com\/blog\/wp-content\/uploads\/2022\/05\/render-300x169.png 300w, https:\/\/www.cinemonstruo.com\/blog\/wp-content\/uploads\/2022\/05\/render-768x432.png 768w, https:\/\/www.cinemonstruo.com\/blog\/wp-content\/uploads\/2022\/05\/render-1536x864.png 1536w, https:\/\/www.cinemonstruo.com\/blog\/wp-content\/uploads\/2022\/05\/render-1200x675.png 1200w, https:\/\/www.cinemonstruo.com\/blog\/wp-content\/uploads\/2022\/05\/render.png 1920w\" sizes=\"auto, (max-width: 580px) 100vw, 580px\" \/><\/div><a class=\"wp-block-latest-posts__post-title\" href=\"https:\/\/www.cinemonstruo.com\/blog\/blog\/arquitectura-de-codigo-abierto-y-bambu\/\">Arquitectura de c\u00f3digo abierto y bamb\u00fa.<\/a><div class=\"wp-block-latest-posts__post-excerpt\">Comparto mi tesis de maestr\u00eda. C\u00f3digo abierto es un modelo para la gesti\u00f3n del conocimiento\u2026 <a class=\"wp-block-latest-posts__read-more\" href=\"https:\/\/www.cinemonstruo.com\/blog\/blog\/arquitectura-de-codigo-abierto-y-bambu\/\" rel=\"noopener noreferrer\">Read more<span class=\"screen-reader-text\">: Arquitectura de c\u00f3digo abierto y bamb\u00fa.<\/span><\/a><\/div><\/li>\n<li><div class=\"wp-block-latest-posts__featured-image\"><img loading=\"lazy\" decoding=\"async\" width=\"580\" height=\"580\" src=\"https:\/\/www.cinemonstruo.com\/blog\/wp-content\/uploads\/2021\/04\/me-drawcurves-000072.png\" class=\"attachment-large size-large wp-post-image\" alt=\"\" style=\"\" srcset=\"https:\/\/www.cinemonstruo.com\/blog\/wp-content\/uploads\/2021\/04\/me-drawcurves-000072.png 960w, https:\/\/www.cinemonstruo.com\/blog\/wp-content\/uploads\/2021\/04\/me-drawcurves-000072-300x300.png 300w, https:\/\/www.cinemonstruo.com\/blog\/wp-content\/uploads\/2021\/04\/me-drawcurves-000072-150x150.png 150w, https:\/\/www.cinemonstruo.com\/blog\/wp-content\/uploads\/2021\/04\/me-drawcurves-000072-768x768.png 768w\" sizes=\"auto, (max-width: 580px) 100vw, 580px\" \/><\/div><a class=\"wp-block-latest-posts__post-title\" href=\"https:\/\/www.cinemonstruo.com\/blog\/uncategorized\/fragmentos-de-lineas-y-curvas\/\">fragmentos de l\u00edneas y  curvas<\/a><div class=\"wp-block-latest-posts__post-excerpt\">Usando este sencillo y maravilloso experimento realizado con p5js, que dibuja fragmentos de l\u00edneas para\u2026 <a class=\"wp-block-latest-posts__read-more\" href=\"https:\/\/www.cinemonstruo.com\/blog\/uncategorized\/fragmentos-de-lineas-y-curvas\/\" rel=\"noopener noreferrer\">Read more<span class=\"screen-reader-text\">: fragmentos de l\u00edneas y  curvas<\/span><\/a><\/div><\/li>\n<li><div class=\"wp-block-latest-posts__featured-image\"><img loading=\"lazy\" decoding=\"async\" width=\"580\" height=\"927\" src=\"https:\/\/www.cinemonstruo.com\/blog\/wp-content\/uploads\/2020\/05\/IMG_0414-scaled.jpg\" class=\"attachment-large size-large wp-post-image\" alt=\"\" style=\"\" srcset=\"https:\/\/www.cinemonstruo.com\/blog\/wp-content\/uploads\/2020\/05\/IMG_0414-scaled.jpg 1602w, https:\/\/www.cinemonstruo.com\/blog\/wp-content\/uploads\/2020\/05\/IMG_0414-188x300.jpg 188w\" sizes=\"auto, (max-width: 580px) 100vw, 580px\" \/><\/div><a class=\"wp-block-latest-posts__post-title\" href=\"https:\/\/www.cinemonstruo.com\/blog\/blog\/un-retrato-y-otras-lineas\/\">Un retrato y otras l\u00edneas<\/a><div class=\"wp-block-latest-posts__post-excerpt\"><\/div><\/li>\n<li><div class=\"wp-block-latest-posts__featured-image\"><img loading=\"lazy\" decoding=\"async\" width=\"580\" height=\"799\" src=\"https:\/\/www.cinemonstruo.com\/blog\/wp-content\/uploads\/2015\/02\/1821187_so-743x1024.jpg\" class=\"attachment-large size-large wp-post-image\" alt=\"\" style=\"\" srcset=\"https:\/\/www.cinemonstruo.com\/blog\/wp-content\/uploads\/2015\/02\/1821187_so-743x1024.jpg 743w, https:\/\/www.cinemonstruo.com\/blog\/wp-content\/uploads\/2015\/02\/1821187_so-218x300.jpg 218w, https:\/\/www.cinemonstruo.com\/blog\/wp-content\/uploads\/2015\/02\/1821187_so-768x1059.jpg 768w, https:\/\/www.cinemonstruo.com\/blog\/wp-content\/uploads\/2015\/02\/1821187_so-1114x1536.jpg 1114w, https:\/\/www.cinemonstruo.com\/blog\/wp-content\/uploads\/2015\/02\/1821187_so-1486x2048.jpg 1486w, https:\/\/www.cinemonstruo.com\/blog\/wp-content\/uploads\/2015\/02\/1821187_so-250x345.jpg 250w, https:\/\/www.cinemonstruo.com\/blog\/wp-content\/uploads\/2015\/02\/1821187_so-550x758.jpg 550w, https:\/\/www.cinemonstruo.com\/blog\/wp-content\/uploads\/2015\/02\/1821187_so-800x1103.jpg 800w, https:\/\/www.cinemonstruo.com\/blog\/wp-content\/uploads\/2015\/02\/1821187_so-131x180.jpg 131w, https:\/\/www.cinemonstruo.com\/blog\/wp-content\/uploads\/2015\/02\/1821187_so-363x500.jpg 363w, https:\/\/www.cinemonstruo.com\/blog\/wp-content\/uploads\/2015\/02\/1821187_so.jpg 1525w\" sizes=\"auto, (max-width: 580px) 100vw, 580px\" \/><\/div><a class=\"wp-block-latest-posts__post-title\" href=\"https:\/\/www.cinemonstruo.com\/blog\/blog\/birdman-y-el-cuerpo-del-gran-imaginador\/\">birdman y el cuerpo del gran imaginador<\/a><div class=\"wp-block-latest-posts__post-excerpt\">La idea de Albert Laffay sobre el narrador en el cine: \u201cel gran imaginador\u201d, intenta,\u2026 <a class=\"wp-block-latest-posts__read-more\" href=\"https:\/\/www.cinemonstruo.com\/blog\/blog\/birdman-y-el-cuerpo-del-gran-imaginador\/\" rel=\"noopener noreferrer\">Read more<span class=\"screen-reader-text\">: birdman y el cuerpo del gran imaginador<\/span><\/a><\/div><\/li>\n<li><div class=\"wp-block-latest-posts__featured-image\"><img loading=\"lazy\" decoding=\"async\" width=\"580\" height=\"431\" src=\"https:\/\/www.cinemonstruo.com\/blog\/wp-content\/uploads\/2014\/10\/5-things-you-might-not-know-about-hitchcock-surreal-thriller-spellbound-1024x761.jpg\" class=\"attachment-large size-large wp-post-image\" alt=\"\" style=\"\" srcset=\"https:\/\/www.cinemonstruo.com\/blog\/wp-content\/uploads\/2014\/10\/5-things-you-might-not-know-about-hitchcock-surreal-thriller-spellbound-1024x761.jpg 1024w, https:\/\/www.cinemonstruo.com\/blog\/wp-content\/uploads\/2014\/10\/5-things-you-might-not-know-about-hitchcock-surreal-thriller-spellbound-300x223.jpg 300w, https:\/\/www.cinemonstruo.com\/blog\/wp-content\/uploads\/2014\/10\/5-things-you-might-not-know-about-hitchcock-surreal-thriller-spellbound-768x571.jpg 768w, https:\/\/www.cinemonstruo.com\/blog\/wp-content\/uploads\/2014\/10\/5-things-you-might-not-know-about-hitchcock-surreal-thriller-spellbound-1536x1141.jpg 1536w, https:\/\/www.cinemonstruo.com\/blog\/wp-content\/uploads\/2014\/10\/5-things-you-might-not-know-about-hitchcock-surreal-thriller-spellbound-250x186.jpg 250w, https:\/\/www.cinemonstruo.com\/blog\/wp-content\/uploads\/2014\/10\/5-things-you-might-not-know-about-hitchcock-surreal-thriller-spellbound-550x409.jpg 550w, https:\/\/www.cinemonstruo.com\/blog\/wp-content\/uploads\/2014\/10\/5-things-you-might-not-know-about-hitchcock-surreal-thriller-spellbound-800x595.jpg 800w, https:\/\/www.cinemonstruo.com\/blog\/wp-content\/uploads\/2014\/10\/5-things-you-might-not-know-about-hitchcock-surreal-thriller-spellbound-242x180.jpg 242w, https:\/\/www.cinemonstruo.com\/blog\/wp-content\/uploads\/2014\/10\/5-things-you-might-not-know-about-hitchcock-surreal-thriller-spellbound-404x300.jpg 404w, https:\/\/www.cinemonstruo.com\/blog\/wp-content\/uploads\/2014\/10\/5-things-you-might-not-know-about-hitchcock-surreal-thriller-spellbound-673x500.jpg 673w, https:\/\/www.cinemonstruo.com\/blog\/wp-content\/uploads\/2014\/10\/5-things-you-might-not-know-about-hitchcock-surreal-thriller-spellbound.jpg 1600w\" sizes=\"auto, (max-width: 580px) 100vw, 580px\" \/><\/div><a class=\"wp-block-latest-posts__post-title\" href=\"https:\/\/www.cinemonstruo.com\/blog\/uncategorized\/spellbound-la-mujer-y-el-psicoanalisis\/\">Spellbound. La mujer y el psicoan\u00e1lisis.<\/a><div class=\"wp-block-latest-posts__post-excerpt\">JB: If there&#8217;s anything I hate, it&#8217;s a smug woman. &#8212; &#8220;Si hay algo que\u2026 <a class=\"wp-block-latest-posts__read-more\" href=\"https:\/\/www.cinemonstruo.com\/blog\/uncategorized\/spellbound-la-mujer-y-el-psicoanalisis\/\" rel=\"noopener noreferrer\">Read more<span class=\"screen-reader-text\">: Spellbound. La mujer y el psicoan\u00e1lisis.<\/span><\/a><\/div><\/li>\n<li><a class=\"wp-block-latest-posts__post-title\" href=\"https:\/\/www.cinemonstruo.com\/blog\/blog\/mis-plantas-digitales-sinteticas\/\">Mis plantas digitales.<\/a><div class=\"wp-block-latest-posts__post-excerpt\">A partir de la serie de fibonacci y con funciones rand\u00f3micas, este programa representan el\u00a0\u2026 <a class=\"wp-block-latest-posts__read-more\" href=\"https:\/\/www.cinemonstruo.com\/blog\/blog\/mis-plantas-digitales-sinteticas\/\" rel=\"noopener noreferrer\">Read more<span class=\"screen-reader-text\">: Mis plantas digitales.<\/span><\/a><\/div><\/li>\n<li><a class=\"wp-block-latest-posts__post-title\" href=\"https:\/\/www.cinemonstruo.com\/blog\/blog\/el-cine-es-alimento-del-espacio-al-tiempo\/\">El cine es alimento: del espacio al tiempo.<\/a><div class=\"wp-block-latest-posts__post-excerpt\">(Fuente: http:\/\/blog.mikepan.com\/) Definitivamente se puede pensar al cine c\u00f3mo una forma de alimentaci\u00f3n. Al igual\u2026 <a class=\"wp-block-latest-posts__read-more\" href=\"https:\/\/www.cinemonstruo.com\/blog\/blog\/el-cine-es-alimento-del-espacio-al-tiempo\/\" rel=\"noopener noreferrer\">Read more<span class=\"screen-reader-text\">: El cine es alimento: del espacio al tiempo.<\/span><\/a><\/div><\/li>\n<li><a class=\"wp-block-latest-posts__post-title\" href=\"https:\/\/www.cinemonstruo.com\/blog\/blog\/como-contar-lo-prohibido-viridiana-straw-dogs-v-for-vendetta\/\">\u00bfc\u00f3mo contar lo prohibido? Viridiana, Straw Dogs.<\/a><div class=\"wp-block-latest-posts__post-excerpt\">El cine es regulado como se sabe; y sobre lo que se va a contar,\u2026 <a class=\"wp-block-latest-posts__read-more\" href=\"https:\/\/www.cinemonstruo.com\/blog\/blog\/como-contar-lo-prohibido-viridiana-straw-dogs-v-for-vendetta\/\" rel=\"noopener noreferrer\">Read more<span class=\"screen-reader-text\">: \u00bfc\u00f3mo contar lo prohibido? Viridiana, Straw Dogs.<\/span><\/a><\/div><\/li>\n<li><a class=\"wp-block-latest-posts__post-title\" href=\"https:\/\/www.cinemonstruo.com\/blog\/blog\/birdcage-inn-las-putas-de-kim-ki-duk\/\">Birdcage Inn: Las putas de Kim Ki-Duk.<\/a><div class=\"wp-block-latest-posts__post-excerpt\">La estrategia del director Sur-Koreano es el sigilo, su discurso solapado en la solemnidad de\u2026 <a class=\"wp-block-latest-posts__read-more\" href=\"https:\/\/www.cinemonstruo.com\/blog\/blog\/birdcage-inn-las-putas-de-kim-ki-duk\/\" rel=\"noopener noreferrer\">Read more<span class=\"screen-reader-text\">: Birdcage Inn: Las putas de Kim Ki-Duk.<\/span><\/a><\/div><\/li>\n<li><a class=\"wp-block-latest-posts__post-title\" href=\"https:\/\/www.cinemonstruo.com\/blog\/uncategorized\/13\/\">Rupert Pupkin y la comedia de la vida<\/a><div class=\"wp-block-latest-posts__post-excerpt\">&nbsp; Hoy v\u00ed, The King of Comedy, de Martin Scorcese, con Jerry Lewis (Jerry), Deniro\u2026 <a class=\"wp-block-latest-posts__read-more\" href=\"https:\/\/www.cinemonstruo.com\/blog\/uncategorized\/13\/\" rel=\"noopener noreferrer\">Read more<span class=\"screen-reader-text\">: Rupert Pupkin y la comedia de la vida<\/span><\/a><\/div><\/li>\n<\/ul>\n\n\n<h2 class=\"wp-block-heading\">lenin angulo<\/h2>\n\n\n<div class=\"wp-block-image\">\n<figure class=\"aligncenter size-full\"><img loading=\"lazy\" decoding=\"async\" width=\"1000\" height=\"800\" src=\"https:\/\/www.cinemonstruo.com\/blog\/wp-content\/uploads\/2024\/07\/pic2.png\" alt=\"\" class=\"wp-image-742\" srcset=\"https:\/\/www.cinemonstruo.com\/blog\/wp-content\/uploads\/2024\/07\/pic2.png 1000w, https:\/\/www.cinemonstruo.com\/blog\/wp-content\/uploads\/2024\/07\/pic2-300x240.png 300w, https:\/\/www.cinemonstruo.com\/blog\/wp-content\/uploads\/2024\/07\/pic2-768x614.png 768w, https:\/\/www.cinemonstruo.com\/blog\/wp-content\/uploads\/2024\/07\/pic2-600x480.png 600w\" sizes=\"auto, (max-width: 1000px) 100vw, 1000px\" \/><\/figure>\n<\/div>\n\n\n<p>soy un itinerante, llevo programando desde los 18 a\u00f1os, lo m\u00e1s reciente <a href=\"https:\/\/webglfundamentals.org\/\">webgl<\/a>. luego estudi\u00e9 cine y espero terminar alg\u00fan d\u00eda <a rel=\"noreferrer noopener\" href=\"https:\/\/www.cinemonstruo.com\/elhombrequelimpiosuarma\/\" data-type=\"URL\" data-id=\"https:\/\/www.cinemonstruo.com\/elhombrequelimpiosuarma\/\" target=\"_blank\">mi primera pel\u00edcula<\/a>. he vivido rodeado de ferreter\u00eda, construcci\u00f3n y arquitectura, en consecuencia hemos construido m\u00e1s de <a href=\"https:\/\/kayana.ec\">100 unidades habitacionales realizadas<\/a>, algunas, las mejores <a href=\"https:\/\/github.com\/d10genez\/tolita-bamboo\">en bamb\u00fa :).<\/a> soy docente y lo que va saliendo suelo publicarlo en \u00e9ste blog \ud83d\ude42<\/p>\n\n\n\n<p>\u00a1la comunicaci\u00f3n es la mayor tecnolog\u00eda que siempre existi\u00f3!<\/p>\n","protected":false},"excerpt":{"rendered":"<p>lenin angulo soy un itinerante, llevo programando desde los 18 a\u00f1os, lo m\u00e1s reciente webgl. luego estudi\u00e9 cine y espero terminar alg\u00fan d\u00eda mi primera pel\u00edcula. he vivido rodeado de ferreter\u00eda, construcci\u00f3n y arquitectura, en consecuencia hemos construido m\u00e1s de 100 unidades habitacionales realizadas, algunas, las mejores en bamb\u00fa :). soy docente y lo que [&hellip;]<\/p>\n","protected":false},"author":1,"featured_media":750,"parent":0,"menu_order":0,"comment_status":"closed","ping_status":"closed","template":"templates\/template-full-width.php","meta":{"footnotes":""},"class_list":["post-20","page","type-page","status-publish","has-post-thumbnail","hentry"],"jetpack_sharing_enabled":true,"_links":{"self":[{"href":"https:\/\/www.cinemonstruo.com\/blog\/wp-json\/wp\/v2\/pages\/20","targetHints":{"allow":["GET"]}}],"collection":[{"href":"https:\/\/www.cinemonstruo.com\/blog\/wp-json\/wp\/v2\/pages"}],"about":[{"href":"https:\/\/www.cinemonstruo.com\/blog\/wp-json\/wp\/v2\/types\/page"}],"author":[{"embeddable":true,"href":"https:\/\/www.cinemonstruo.com\/blog\/wp-json\/wp\/v2\/users\/1"}],"replies":[{"embeddable":true,"href":"https:\/\/www.cinemonstruo.com\/blog\/wp-json\/wp\/v2\/comments?post=20"}],"version-history":[{"count":9,"href":"https:\/\/www.cinemonstruo.com\/blog\/wp-json\/wp\/v2\/pages\/20\/revisions"}],"predecessor-version":[{"id":746,"href":"https:\/\/www.cinemonstruo.com\/blog\/wp-json\/wp\/v2\/pages\/20\/revisions\/746"}],"wp:featuredmedia":[{"embeddable":true,"href":"https:\/\/www.cinemonstruo.com\/blog\/wp-json\/wp\/v2\/media\/750"}],"wp:attachment":[{"href":"https:\/\/www.cinemonstruo.com\/blog\/wp-json\/wp\/v2\/media?parent=20"}],"curies":[{"name":"wp","href":"https:\/\/api.w.org\/{rel}","templated":true}]}}